{"id":4269,"date":"2024-11-04T00:10:19","date_gmt":"2024-11-04T00:10:19","guid":{"rendered":"https:\/\/tucasaalquilada.com\/legal-notice-2\/"},"modified":"2024-11-13T20:28:38","modified_gmt":"2024-11-13T20:28:38","slug":"legal-notice-2","status":"publish","type":"page","link":"https:\/\/tucasaalquilada.com\/en\/legal-notice-2\/","title":{"rendered":"Legal Notice"},"content":{"rendered":"\t\t<div data-elementor-type=\"wp-page\" data-elementor-id=\"4269\" class=\"elementor elementor-4269 elementor-4030\">\n\t\t\t\t<div class=\"elementor-element elementor-element-63db50a0 e-flex e-con-boxed e-con e-parent\" data-id=\"63db50a0\" data-element_type=\"container\">\n\t\t\t\t\t<div class=\"e-con-inner\">\n\t\t\t\t<div class=\"elementor-element elementor-element-510bb090 elementor-widget elementor-widget-text-editor\" data-id=\"510bb090\" data-element_type=\"widget\" data-widget_type=\"text-editor.default\">\n\t\t\t\t<div class=\"elementor-widget-container\">\n\t\t\t\t\t\t\t\n<h1>Legal Notice<\/h1>\n<p>1. Legal information and acceptance<\/p>\n\n<p>En cumplimiento del art\u00edculo <strong>10 de la Ley 34\/2002<\/strong>, de 11 de julio, de Servicios de la Sociedad de la Informaci\u00f3n y Comercio Electr\u00f3nico, a continuaci\u00f3n se exponen los datos identificativos de la empresa. El presente portal de internet se pone al servicio de los usuarios por la entidad, cuyos datos identificativos son <\/p>\n\n<figure class=\"wp-block-table\">\n<table class=\"has-fixed-layout\">\n<tbody>\n<tr>\n<td>Denominaci\u00f3n Social:<\/td>\n<td><strong>Tu casa Alquilada<\/strong><\/td>\n<\/tr>\n<tr>\n<td>N.I.F.:<\/td>\n<td> <\/td>\n<\/tr>\n<tr>\n<td>Registered Office:<\/td>\n<td>Residencial Jardines del Puerto, Av Jos\u00e9 Ban\u00fas, 5, Planta Baja, Local 7B, Puerto Ban\u00fas. 29660 Marbella <\/td>\n<\/tr>\n<tr>\n<td>Telephone<\/td>\n<td>+34 699 297 806<\/td>\n<\/tr>\n<tr>\n<td>Email:<\/td>\n<td>info@tucasaalquilada.com<\/td>\n<\/tr>\n<\/tbody>\n<\/table>\n<\/figure>\n\n<p>This legal notice includes the general conditions that govern access and use of this website, hereinafter \u201cthe website\u201d. The use of the website implies the express and full acceptance of these general conditions in the version published at the time the user accesses it, without prejudice to the particular conditions that may apply to some of the specific services of the website. <\/p>\n\n<p>Access to the website is free except for the cost of the connection through the telecommunications network provided by the access provider contracted by the users. Certain services are exclusive to our clients and their access is restricted. <\/p>\n\n<p>The use of the Portal attributes the status of user of the Portal (hereinafter, the &#8216;User&#8217;) and implies acceptance of all the conditions included in this Legal Notice. The provision of the Portal service has a limited duration to the moment in which the User is connected to the Portal or to any of the services provided through it. Therefore, the User must carefully read this Legal Notice on each occasion in which they intend to use the Portal, since it and its conditions of use included in this Legal Notice may be modified.  <\/p>\n\n<p>Some Portal services accessible to Internet users or exclusive to clients of <strong>Tu Casa Alquilada<\/strong> may be subject to particular conditions, regulations and instructions that, where appropriate, replace, complete and\/or modify this Legal Notice and which must be be accepted by the User before starting the provision of the corresponding service.<\/p>\n\n<p>2. Intellectual and industrial property<\/p>\n\n<p>This website and the contents it hosts are protected by current legislation on intellectual property.<\/p>\n\n<p><strong>Tu casa Alquilada<\/strong> is the owner or licensee of all the intellectual and industrial property rights of its website, as well as the elements contained therein. Therefore, the reproduction, distribution, public communication and transformation of all or part of the contents of this website, for commercial purposes, on any medium and by any technical means, without the authorization of the Terms and Conditions, is expressly prohibited. <\/p>\n\n<p>The brands, trade names or distinctive signs are the property of <strong>Tu casa <strong>Alquilada<\/strong><\/strong>, whether by industrial or intellectual property, without it being understood that access to the Portal grants any right over the aforementioned brands, trade names and\/or distinctive signs.<\/p>\n\n<p>All products and services on these pages that are NOT the property of <strong>Tu casa Alquilada<\/strong> are registered trademarks of their respective owners and are recognized as such by our company. They only appear on the <strong>Tu casa Alquilada<\/strong> website for the purposes of promotion and information collection. These owners may request modification or deletion of information that belongs to them.  <\/p>\n\n<p>3. Conditions of use of the portal<\/p>\n\n<p>3.1 General<\/p>\n\n<p>The User undertakes to make correct use of the Portal in accordance with the Law and this Legal Notice. The User will be liable to <strong>Tu Casa Alquilada<\/strong> or to third parties for any damages that may be caused as a result of failure to comply with said obligation. <\/p>\n\n<p>The use of the Portal for purposes that harm the property or interests of T<strong>u Casa Alquilada<\/strong> or third parties or that in any other way overload, damage or disable the networks, servers and other computer equipment (hardware) or computer products and applications (software) is expressly prohibited. ) from <strong>Tu Casa Alquilada<\/strong> or from third parties.<\/p>\n\n<p>3.2 Contents<\/p>\n\n<p>The User undertakes to use the Contents in accordance with the Law and this Legal Notice, as well as with the other conditions, regulations and instructions that may be applicable in accordance with the provisions of clause 1.<\/p>\n\n<p>With a purely illustrative character, the User, in accordance with current legislation, must refrain from:<\/p>\n\n<ul class=\"wp-block-list\">\n<li><strong>Tu Casa Alquilada <\/strong>Reproduce, copy, distribute, make available, publicly communicate, transform or modify the Contents except in cases authorized by law or expressly consented to by Your Rented House or by whoever holds ownership of the exploitation rights, if applicable.<\/li>\n\n<li>Reproduce or copy for private use the Contents that may be considered Software or Database in accordance with current legislation on intellectual property, as well as its public communication or making available to third parties when these acts necessarily imply reproduction by of the User or a third party.<\/li>\n\n<li>Extract and\/or reuse all or a substantial part of the Contents that make up the Portal as well as the databases that <strong>Tu Casa Alquilada<\/strong> makes available to Users.<\/li>\n<\/ul>\n\n<p>3.3 Introduction of links to the Portal<\/p>\n\n<p>The Internet user who wants to introduce links from their own web pages to the Portal must comply with the conditions detailed below without ignorance of them avoiding the responsibilities derived from the Law:<\/p>\n\n<ul class=\"wp-block-list\">\n<li>The link will only link to the home page or main page of the Portal but cannot reproduce it in any way (online links, copy of the texts, graphics, etc.).<\/li>\n\n<li>It will be prohibited in any case, in accordance with the applicable legislation in force at any time, to establish frames or frameworks of any type that surround the Portal or allow the visualization of the Contents through Internet addresses other than those of the Portal and, in In any case, when they are viewed together with content outside the Portal in such a way that: (I) produces, or may produce, error, confusion or deception in users regarding the true origin of the service or Content; (II) involves an act of unfair comparison or imitation; (III) serves to take advantage of the brand reputation and prestige of <strong>Tu Casa Alquilada<\/strong> or (IV) in any other way is prohibited by current legislation.   <\/li>\n\n<li>No type of false, inaccurate or incorrect statement will be made from the page that introduces the link about Your Rented House, its partners, employees, clients or about the quality of the services it provides.<\/li>\n\n<li>In no case will it be expressed on the page where the link is located that <strong>Tu Casa Alquilada<\/strong> has given its consent for the insertion of the link or that it otherwise sponsors, collaborates, verifies or supervises the services of the sender.<\/li>\n\n<li>The use of any word, graphic or mixed trademark or any other distinctive sign of <strong>Tu casa Alquilada<\/strong> within the sender&#8217;s page is prohibited except in cases permitted by law or expressly authorized by <strong>Tu casa Alquilada<\/strong> and whenever permitted, in these cases, a direct link with the Portal in the manner established in this clause.<\/li>\n\n<li>The page that establishes the link must faithfully comply with the law and may not in any case provide or link to its own content or that of third parties that: (I) are illicit, harmful or contrary to morality and good customs (pornographic, violent, racists, etc.); (II) induce or may induce in the User the false conception that <strong>Tu Casa Alquilada<\/strong> subscribes, endorses, adheres or in any way supports, the ideas, statements or expressions, licit or illicit, of the sender; (III) are inappropriate or not relevant to the activity of <strong>Tu Casa Alquilada<\/strong> in view of the location, contents and theme of the sender&#8217;s website.  <\/li>\n<\/ul>\n\n<p>4. Exclusion of liability<\/p>\n\n<p>4.1 Of Information<\/p>\n\n<p><strong>Tu casa Alquilada<\/strong> is not responsible for decisions made based on the information provided on the Portal or for damages caused to the User or third parties due to actions based solely on the information obtained on the Portal.<\/p>\n\n<p>4.2 Quality of service<\/p>\n\n<p>Access to the Portal does not imply any obligation on the part of <strong>Tu casa Alquilada<\/strong> to control the absence of viruses, worms or any other harmful computer element.<\/p>\n\n<p>It is up to the User, in any case, the availability of adequate tools for the detection and disinfection of harmful computer programs.<\/p>\n\n<p><strong>Tu casa Alquilada<\/strong> is not responsible for any damage caused to the computer equipment of Users or third parties during the provision of the Portal service.<\/p>\n\n<p>4.3 Availability of the Service<\/p>\n\n<p>Access to the Portal requires services and supplies from third parties, including transport through telecommunications networks whose reliability, quality, continuity and operation does not correspond to <strong>Tu casa Alquilada<\/strong> Therefore, the services provided through the Portal may be suspended, canceled or become inaccessible, prior to or simultaneously with the provision of the Portal service.<\/p>\n\n<p><strong>Tu casa Alquilada<\/strong> is not responsible for damages of any kind caused to the User as a result of failures or disconnections in telecommunications networks that cause the suspension, cancellation or interruption of the Portal service during the provision of the same or previously.<\/p>\n\n<p>4.4 Content and services linked through the Portal<\/p>\n\n<p>The service of access to the Portal includes technical linking devices, directories and even search tools that allow the User to access other pages and Internet portals (hereinafter, &#8216;Linked Sites&#8217;). In these cases, Catalina L\u00f3pez Mart\u00edn acts as an intermediary service provider in accordance with Article 17 of Law 34\/2002, of July 12, 2002, of Services of the Information Society and Electronic Commerce (LSSI) and will only be responsible for the content and services provided on the Linked Sites to the extent that it has actual knowledge of the unlawfulness and has not disabled the link with due diligence. In the event that the User considers that there is a Linked Site with illegal or inappropriate content may notify <strong>Tu casa Alquilada<\/strong> in accordance with the procedure and the effects established in clause 6, without in any case this communication entails the obligation to remove the corresponding link.  <\/p>\n\n<p>In no case shall the existence of Linked Sites presuppose the existence of agreements with the responsible or owners thereof, nor the recommendation, promotion or identification of <strong>Tu casa Alquilada<\/strong> with the statements, content or services provided.<\/p>\n\n<p><strong>Tu casa Alquilada<\/strong> does not know the contents and services of the Linked Sites and therefore is not responsible for damages caused by the unlawfulness, quality, unavailability, error and uselessness of the contents and \/ or services of the Linked Sites or any other damage that is not directly attributable to <strong>Tu casa Alquilada<\/strong>.<\/p>\n\n<p>5. Data protection.<\/p>\n\n<p>You can consult our <a href=\"http:\/\/linalopez.net\/politica-privacidad.html\">Data Protection<\/a> Policy to learn more about how we use your personal data.<\/p>\n\n<p>6. Reporting of activities of an illegal and improper nature<\/p>\n\n<p>In the event that the User or any other Internet user were aware that the Linked Sites refer to pages whose content or services are illegal, harmful, degrading, violent or contrary to morality may contact <strong>Tu casa Alquilada<\/strong> indicating the following points:<\/p>\n\n<ol class=\"wp-block-list\">\n<li>Personal data of the caller: name, address, telephone number and e-mail address;<\/li>\n\n<li>Description of the facts that reveal the illicit or inadequate nature of the Linked Site;<\/li>\n\n<li>In the case of violation of rights, such as intellectual and industrial property, the personal data of the holder of the infringed right when it is a person other than the communicating party.<\/li>\n\n<li>It must also provide the title accrediting the legitimacy of the holder of the rights and, if applicable, that of representation to act on behalf of the holder when it is a person other than the communicating party;<\/li>\n\n<li>Express statement that the information contained in the claim is accurate.<\/li>\n<\/ol>\n\n<p>The receipt by <strong>Tu casa Alquilada<\/strong> of the communication provided for in this clause does not imply, according to the provisions of the LSSI, the effective knowledge of the activities and \/ or contents indicated by the caller.<\/p>\n\n<p>It must also provide the title accrediting the legitimacy of the holder of the rights and, if applicable, that of representation to act on behalf of the holder when it is a person other than the communicating party.<\/p>\n\n<p>7. Notifications<\/p>\n\n<p>All notifications and communications made by the parties shall be valid in accordance with the means admitted by law. Those relating to this Portal shall be considered effective, for all purposes, if they are made through the Portal itself. <\/p>\n\n<p>8. Modifications<\/p>\n\n<p><strong>Tu casa Alquilada<\/strong> reserves the right to make unannounced changes it deems appropriate in its website, may change, delete or add content and services provided through the same as the way in which they are presented.<\/p>\n\n<p>In addition, these terms and conditions may change at any time. The modifications will be effective from the moment of their publication. <\/p>\n\n<p>9. Social Networking<\/p>\n\n<p><strong>Tu casa Alquilada<\/strong> is present in various social networks and platforms, therefore, when accessing any of these or other networks, it should be noted that the applicable conditions of use are those that each platform has established, in which <strong>Tu casa Alquilada<\/strong> does not intervene.<\/p>\n\n<p>10. Legislation<\/p>\n\n<p>This Legal Notice is governed in each and every one of its ends by Spanish law. Whenever the applicable law allows the waiver of the established legal jurisdiction, the courts of Malaga are designated as the jurisdiction to settle possible disputes, expressly waiving the user to any other jurisdiction that may apply.<\/p>\n\t\t\t\t\t\t<\/div>\n\t\t\t\t<\/div>\n\t\t\t\t\t<\/div>\n\t\t\t\t<\/div>\n\t\t\t\t<\/div>\n\t\t","protected":false},"excerpt":{"rendered":"<p>Legal Notice 1. Legal information and acceptance En cumplimiento del art\u00edculo 10 de la Ley 34\/2002, de 11 de julio, de Servicios de la Sociedad de la Informaci\u00f3n y Comercio Electr\u00f3nico, a continuaci\u00f3n se exponen los datos identificativos de la empresa. El presente portal de internet se pone al servicio de los usuarios por la [&hellip;]<\/p>\n","protected":false},"author":1,"featured_media":0,"parent":0,"menu_order":0,"comment_status":"closed","ping_status":"closed","template":"","meta":{"om_disable_all_campaigns":false,"_monsterinsights_skip_tracking":false,"_monsterinsights_sitenote_active":false,"_monsterinsights_sitenote_note":"","_monsterinsights_sitenote_category":0,"footnotes":""},"class_list":["post-4269","page","type-page","status-publish","hentry"],"aioseo_notices":[],"_links":{"self":[{"href":"https:\/\/tucasaalquilada.com\/en\/wp-json\/wp\/v2\/pages\/4269","targetHints":{"allow":["GET"]}}],"collection":[{"href":"https:\/\/tucasaalquilada.com\/en\/wp-json\/wp\/v2\/pages"}],"about":[{"href":"https:\/\/tucasaalquilada.com\/en\/wp-json\/wp\/v2\/types\/page"}],"author":[{"embeddable":true,"href":"https:\/\/tucasaalquilada.com\/en\/wp-json\/wp\/v2\/users\/1"}],"replies":[{"embeddable":true,"href":"https:\/\/tucasaalquilada.com\/en\/wp-json\/wp\/v2\/comments?post=4269"}],"version-history":[{"count":3,"href":"https:\/\/tucasaalquilada.com\/en\/wp-json\/wp\/v2\/pages\/4269\/revisions"}],"predecessor-version":[{"id":4272,"href":"https:\/\/tucasaalquilada.com\/en\/wp-json\/wp\/v2\/pages\/4269\/revisions\/4272"}],"wp:attachment":[{"href":"https:\/\/tucasaalquilada.com\/en\/wp-json\/wp\/v2\/media?parent=4269"}],"curies":[{"name":"wp","href":"https:\/\/api.w.org\/{rel}","templated":true}]}}